{"id":3277,"date":"2024-10-01T09:24:52","date_gmt":"2024-10-01T07:24:52","guid":{"rendered":"https:\/\/eduder.org\/?page_id=3277"},"modified":"2025-03-05T11:00:42","modified_gmt":"2025-03-05T09:00:42","slug":"politica-de-privacidade","status":"publish","type":"page","link":"https:\/\/eduder.org\/pt-pt\/politica-de-privacidade\/","title":{"rendered":"Pol\u00edtica de Privacidade"},"content":{"rendered":"<div class=\"fusion-fullwidth fullwidth-box fusion-builder-row-1 fusion-flex-container nonhundred-percent-fullwidth non-hundred-percent-height-scrolling\" style=\"--awb-border-radius-top-left:0px;--awb-border-radius-top-right:0px;--awb-border-radius-bottom-right:0px;--awb-border-radius-bottom-left:0px;--awb-flex-wrap:wrap;\" ><div class=\"fusion-builder-row fusion-row fusion-flex-align-items-flex-start fusion-flex-content-wrap\" style=\"max-width:1372.8px;margin-left: calc(-4% \/ 2 );margin-right: calc(-4% \/ 2 );\"><div class=\"fusion-layout-column fusion_builder_column fusion-builder-column-0 fusion_builder_column_1_1 1_1 fusion-flex-column\" style=\"--awb-bg-size:cover;--awb-width-large:100%;--awb-margin-top-large:0px;--awb-spacing-right-large:1.92%;--awb-margin-bottom-large:0px;--awb-spacing-left-large:1.92%;--awb-width-medium:100%;--awb-spacing-right-medium:1.92%;--awb-spacing-left-medium:1.92%;--awb-width-small:100%;--awb-spacing-right-small:1.92%;--awb-spacing-left-small:1.92%;\"><div class=\"fusion-column-wrapper fusion-flex-justify-content-flex-start fusion-content-layout-column\"><div class=\"fusion-text fusion-text-1\"><p data-pm-slice=\"1 1 &#091;&#093;\">nclua um link com as seguintes informa\u00e7\u00f5es:<\/p>\n<p>Os dados pessoais recolhidos ser\u00e3o incorporados na atividade de tratamento de dados:<\/p>\n<ul data-spread=\"false\">\n<li><strong>Informa\u00e7\u00f5es do Projeto EDUDER<\/strong>, voltado para promover o direito \u00e0 educa\u00e7\u00e3o universit\u00e1ria para grupos vulner\u00e1veis, garantindo seu acesso e desenvolvimento no ambiente universit\u00e1rio por meio de um modelo de interven\u00e7\u00e3o inclusivo. O tratamento dos dados pessoais \u00e9 legitimado pelo consentimento do titular dos dados.<\/li>\n<\/ul>\n<p>A entidade do Grupo SEK que realiza o tratamento dos dados pessoais coletados no \u00e2mbito da presta\u00e7\u00e3o de servi\u00e7os educacionais ou atrav\u00e9s dos sites do Grupo SEK ser\u00e1 considerada a Respons\u00e1vel pelo Tratamento.<\/p>\n<p>Os titulares dos dados podem, a qualquer momento, retirar seu consentimento entrando em contato pelo e-mail <a>lopd@sek.es<\/a> ou escrevendo para Instituci\u00f3n Educativa SEK, S.L., Calle Marqu\u00e9s de Riscal 11, 28010, Madri. Al\u00e9m disso, podem entrar em contato com a Autoridade de Controle competente para apresentar uma reclama\u00e7\u00e3o, se considerarem necess\u00e1rio.<\/p>\n<p>A qualquer momento, os usu\u00e1rios podem exercer os seguintes direitos reconhecidos pela legisla\u00e7\u00e3o vigente de prote\u00e7\u00e3o de dados:<\/p>\n<ul data-spread=\"false\">\n<li><strong>Direito de Acesso:<\/strong> Permite ao usu\u00e1rio saber quais informa\u00e7\u00f5es s\u00e3o mantidas, de onde foram obtidas, a quem foram fornecidas e para quais finalidades foram tratadas.<\/li>\n<li><strong>Direito de Retifica\u00e7\u00e3o:<\/strong> Permite ao usu\u00e1rio corrigir dados incorretos ou desatualizados.<\/li>\n<li><strong>Direito de Apaga\u00e7\u00e3o:<\/strong> Permite ao usu\u00e1rio solicitar a interrup\u00e7\u00e3o do tratamento de seus dados.<\/li>\n<li><strong>Direito de Limita\u00e7\u00e3o do Tratamento:<\/strong> Permite ao usu\u00e1rio restringir o tratamento de seus dados, para que sejam preservados para uma finalidade posterior (por exemplo, uma a\u00e7\u00e3o judicial).<\/li>\n<li><strong>Direito \u00e0 Portabilidade:<\/strong> Permite ao usu\u00e1rio obter uma c\u00f3pia de seus dados em formato eletr\u00f4nico e, em determinadas circunst\u00e2ncias, solicitar que sejam transferidos para outro prestador de servi\u00e7os.<\/li>\n<li><strong>Direito de Oposi\u00e7\u00e3o:<\/strong> Permite ao usu\u00e1rio se opor ao interesse leg\u00edtimo do Grupo SEK e solicitar a interrup\u00e7\u00e3o do tratamento de seus dados.<\/li>\n<li><strong>Direito de Retirar o Consentimento:<\/strong> A qualquer momento, em rela\u00e7\u00e3o ao tratamento de dados pessoais, sem que isso afete a licitude do tratamento anterior.<\/li>\n<\/ul>\n<p>Voc\u00ea pode exercer esses direitos entrando em contato pelo e-mail <a>lopd@sek.es<\/a> ou escrevendo para Instituci\u00f3n Educativa SEK, S.L., Calle Marqu\u00e9s de Riscal 11, 28010, Madri, indicando o direito que deseja exercer e comprovando devidamente sua identidade.<\/p>\n<p>Por fim, informamos que voc\u00ea pode entrar em contato com o Encarregado de Prote\u00e7\u00e3o de Dados pelo e-mail <a>lopd@sek.es<\/a> ou apresentar uma reclama\u00e7\u00e3o junto \u00e0 Ag\u00eancia Espanhola de Prote\u00e7\u00e3o de Dados, atrav\u00e9s do site oficial.<\/p>\n<\/div><\/div><\/div><\/div><\/div>\n","protected":false},"excerpt":{"rendered":"","protected":false},"author":2,"featured_media":0,"parent":0,"menu_order":0,"comment_status":"closed","ping_status":"closed","template":"","meta":{"footnotes":""},"class_list":["post-3277","page","type-page","status-publish","hentry"],"_links":{"self":[{"href":"https:\/\/eduder.org\/pt-pt\/wp-json\/wp\/v2\/pages\/3277","targetHints":{"allow":["GET"]}}],"collection":[{"href":"https:\/\/eduder.org\/pt-pt\/wp-json\/wp\/v2\/pages"}],"about":[{"href":"https:\/\/eduder.org\/pt-pt\/wp-json\/wp\/v2\/types\/page"}],"author":[{"embeddable":true,"href":"https:\/\/eduder.org\/pt-pt\/wp-json\/wp\/v2\/users\/2"}],"replies":[{"embeddable":true,"href":"https:\/\/eduder.org\/pt-pt\/wp-json\/wp\/v2\/comments?post=3277"}],"version-history":[{"count":2,"href":"https:\/\/eduder.org\/pt-pt\/wp-json\/wp\/v2\/pages\/3277\/revisions"}],"predecessor-version":[{"id":4025,"href":"https:\/\/eduder.org\/pt-pt\/wp-json\/wp\/v2\/pages\/3277\/revisions\/4025"}],"wp:attachment":[{"href":"https:\/\/eduder.org\/pt-pt\/wp-json\/wp\/v2\/media?parent=3277"}],"curies":[{"name":"wp","href":"https:\/\/api.w.org\/{rel}","templated":true}]}}