{"id":3215,"date":"2024-10-01T08:20:44","date_gmt":"2024-10-01T06:20:44","guid":{"rendered":"https:\/\/eduder.org\/?page_id=3215"},"modified":"2024-11-19T11:54:05","modified_gmt":"2024-11-19T09:54:05","slug":"atividades","status":"publish","type":"page","link":"https:\/\/eduder.org\/pt-pt\/atividades\/","title":{"rendered":"Atividades"},"content":{"rendered":"<p><div class=\"fusion-fullwidth fullwidth-box fusion-builder-row-1 fusion-flex-container has-pattern-background has-mask-background nonhundred-percent-fullwidth non-hundred-percent-height-scrolling\" style=\"--awb-border-radius-top-left:0px;--awb-border-radius-top-right:0px;--awb-border-radius-bottom-right:0px;--awb-border-radius-bottom-left:0px;--awb-padding-top-small:40px;--awb-padding-bottom-small:24px;--awb-background-color:var(--awb-color3);--awb-flex-wrap:wrap;\" ><div class=\"fusion-builder-row fusion-row fusion-flex-align-items-stretch fusion-flex-justify-content-center fusion-flex-content-wrap\" style=\"max-width:1372.8px;margin-left: calc(-4% \/ 2 );margin-right: calc(-4% \/ 2 );\"><div class=\"fusion-layout-column fusion_builder_column fusion-builder-column-0 fusion_builder_column_1_1 1_1 fusion-flex-column fusion-animated\" style=\"--awb-bg-size:cover;--awb-width-large:100%;--awb-margin-top-large:20px;--awb-spacing-right-large:1.92%;--awb-margin-bottom-large:24px;--awb-spacing-left-large:1.92%;--awb-width-medium:66.666666666667%;--awb-spacing-right-medium:2.88%;--awb-margin-bottom-medium:10px;--awb-spacing-left-medium:2.88%;--awb-width-small:100%;--awb-spacing-right-small:1.92%;--awb-margin-bottom-small:0px;--awb-spacing-left-small:1.92%;\" data-animationType=\"fadeInDown\" data-animationDuration=\"1.6\" data-animationOffset=\"top-into-view\"><div class=\"fusion-column-wrapper fusion-column-has-shadow fusion-flex-justify-content-flex-start fusion-content-layout-column\"><div class=\"fusion-title title fusion-title-1 fusion-sep-none fusion-title-text fusion-title-size-two\" style=\"--awb-text-color:var(--awb-color1);--awb-margin-bottom:12px;--awb-margin-top-small:12px;--awb-margin-right-small:0px;--awb-margin-bottom-small:24px;--awb-margin-left-small:0px;\"><h2 class=\"fusion-title-heading title-heading-left fusion-responsive-typography-calculated\" style=\"margin:0;--fontSize:54;line-height:1.14;\">O projeto Eduder \u00e9 dedicado a promover a igualdade na educa\u00e7\u00e3o escolar de grupos desfavorecidos atrav\u00e9s de diversos eventos e atividades.<\/h2><\/div><\/div><\/div><\/div><\/div><div class=\"fusion-fullwidth fullwidth-box fusion-builder-row-2 fusion-flex-container has-pattern-background has-mask-background nonhundred-percent-fullwidth non-hundred-percent-height-scrolling\" style=\"--awb-border-radius-top-left:0px;--awb-border-radius-top-right:0px;--awb-border-radius-bottom-right:0px;--awb-border-radius-bottom-left:0px;--awb-flex-wrap:wrap;\" ><div class=\"fusion-builder-row fusion-row fusion-flex-align-items-flex-start fusion-flex-content-wrap\" style=\"max-width:1372.8px;margin-left: calc(-4% \/ 2 );margin-right: calc(-4% \/ 2 );\"><div class=\"fusion-layout-column fusion_builder_column fusion-builder-column-1 fusion_builder_column_1_1 1_1 fusion-flex-column\" style=\"--awb-bg-size:cover;--awb-width-large:100%;--awb-margin-top-large:20px;--awb-spacing-right-large:1.92%;--awb-margin-bottom-large:20px;--awb-spacing-left-large:1.92%;--awb-width-medium:100%;--awb-order-medium:0;--awb-spacing-right-medium:1.92%;--awb-spacing-left-medium:1.92%;--awb-width-small:100%;--awb-order-small:0;--awb-spacing-right-small:1.92%;--awb-spacing-left-small:1.92%;\"><div class=\"fusion-column-wrapper fusion-column-has-shadow fusion-flex-justify-content-flex-start fusion-content-layout-column\"><div class=\"fusion-blog-shortcode fusion-blog-shortcode-1 fusion-blog-archive fusion-blog-layout-large fusion-blog-pagination\"><div class=\"fusion-posts-container fusion-posts-container-pagination fusion-blog-rollover\" data-pages=\"5\"><article id=\"blog-1-post-4247\" class=\"fusion-post-large post-4247 post type-post status-publish format-standard hentry category-actividades-pt-pt\">\n\t<style type=\"text\/css\">\n\t\t\n\t\t\n\t\t\n\t\t\n\t\t\t<\/style>\n\n\n<div class=\"fusion-post-content post-content\"><h2 class=\"blog-shortcode-post-title entry-title\"><a href=\"https:\/\/eduder.org\/pt-pt\/talleres-de-competencias-socioemocionales-en-la-upn\/\">Oficinas sobre habilidades socioemocionais na UPN<\/a><\/h2><\/div><div class=\"fusion-clearfix\"><\/div><div class=\"fusion-meta-info\"><div class=\"fusion-alignleft\">By <span class=\"vcard\"><span class=\"fn\"><a href=\"https:\/\/eduder.org\/pt-pt\/author\/eduder\/\" title=\"Artigos de eduder\" rel=\"author\">eduder<\/a><\/span><\/span><span class=\"fusion-inline-sep\">|<\/span><span class=\"updated\" style=\"display:none;\">2026-03-22T11:24:33+02:00<\/span><span>Mar\u00e7o 7th, 2026<\/span><span class=\"fusion-inline-sep\">|<\/span>Categories: <a href=\"https:\/\/eduder.org\/pt-pt\/category\/actividades-pt-pt\/\" rel=\"category tag\">Actividades<\/a><span class=\"fusion-inline-sep\">|<\/span><span class=\"fusion-comments\"><a href=\"https:\/\/eduder.org\/pt-pt\/talleres-de-competencias-socioemocionales-en-la-upn\/#respond\">0 Comments<\/a><\/span><\/div><div class=\"fusion-alignright\"><a class=\"fusion-read-more\" href=\"https:\/\/eduder.org\/pt-pt\/talleres-de-competencias-socioemocionales-en-la-upn\/\" aria-label=\"More on Oficinas sobre habilidades socioemocionais na UPN\">Read More<\/a><\/div><\/div><\/article>\n<article id=\"blog-1-post-4258\" class=\"fusion-post-large post-4258 post type-post status-publish format-standard has-post-thumbnail hentry category-novidades\">\n\t<style type=\"text\/css\">\n\t\t\n\t\t\n\t\t\n\t\t\n\t\t\t<\/style>\n\n\n\t\t\t<div class=\"fusion-flexslider flexslider fusion-flexslider-loading fusion-post-slideshow\" style=\"\">\n\t\t<ul class=\"slides\">\n\t\t\t\n\t\t\t\t\t\t\t\t\t\t\t\t\t\t<li><div  class=\"fusion-image-wrapper\" aria-haspopup=\"true\">\n\t\t\t\t<img decoding=\"async\" width=\"1600\" height=\"737\" src=\"https:\/\/eduder.org\/wp-content\/uploads\/2025\/11\/9.jpg\" class=\"attachment-full size-full lazyload wp-post-image\" alt=\"\" srcset=\"data:image\/svg+xml,%3Csvg%20xmlns%3D%27http%3A%2F%2Fwww.w3.org%2F2000%2Fsvg%27%20width%3D%271600%27%20height%3D%27737%27%20viewBox%3D%270%200%201600%20737%27%3E%3Crect%20width%3D%271600%27%20height%3D%27737%27%20fill-opacity%3D%220%22%2F%3E%3C%2Fsvg%3E\" data-orig-src=\"https:\/\/eduder.org\/wp-content\/uploads\/2025\/11\/9.jpg\" data-srcset=\"https:\/\/eduder.org\/wp-content\/uploads\/2025\/11\/9-200x92.jpg 200w, https:\/\/eduder.org\/wp-content\/uploads\/2025\/11\/9-400x184.jpg 400w, https:\/\/eduder.org\/wp-content\/uploads\/2025\/11\/9-600x276.jpg 600w, https:\/\/eduder.org\/wp-content\/uploads\/2025\/11\/9-800x369.jpg 800w, https:\/\/eduder.org\/wp-content\/uploads\/2025\/11\/9-1200x553.jpg 1200w, https:\/\/eduder.org\/wp-content\/uploads\/2025\/11\/9.jpg 1600w\" data-sizes=\"auto\" \/><div class=\"fusion-rollover\">\n\t<div class=\"fusion-rollover-content\">\n\n\t\t\t\t\n\t\t\n\t\t\t\t\t\t\t\t\n\t\t\t\t\t\t\t\t\n\t\t\n\t\t\t\t\t\t<a class=\"fusion-link-wrapper\" href=\"https:\/\/eduder.org\/pt-pt\/nota-de-prensa-eduder-impulsa-alianzas-y-estrategias-para-la-inclusion-universitaria-en-iberoamerica\/\" aria-label=\"Nota de prensa: EDUDER impulsa alianzas y estrategias para la inclusi\u00f3n universitaria en Iberoam\u00e9rica\"><\/a>\n\t<\/div>\n<\/div>\n<\/div>\n<\/li>\n\t\t\t\n\t\t\t\n\t\t\t\t\t\t\t\t\t\t\t\t\t\t\t\t\t\t\t\t\t\t\t\t\t\t\t\t\t\t\t\t\t\t\t\t\t\t\t\t\t\t\t\t\t\t\t\t\t\t\t\t\t\t\t\t\t\t\t\t\t\t\t\t\t\t\t\t<\/ul>\n\t<\/div>\n\t<div class=\"fusion-post-content post-content\"><h2 class=\"blog-shortcode-post-title entry-title\"><a href=\"https:\/\/eduder.org\/pt-pt\/nota-de-prensa-eduder-impulsa-alianzas-y-estrategias-para-la-inclusion-universitaria-en-iberoamerica\/\">Nota de prensa: EDUDER impulsa alianzas y estrategias para la inclusi\u00f3n universitaria en Iberoam\u00e9rica<\/a><\/h2><\/div><div class=\"fusion-clearfix\"><\/div><div class=\"fusion-meta-info\"><div class=\"fusion-alignleft\">By <span class=\"vcard\"><span class=\"fn\"><a href=\"https:\/\/eduder.org\/pt-pt\/author\/eduder\/\" title=\"Artigos de eduder\" rel=\"author\">eduder<\/a><\/span><\/span><span class=\"fusion-inline-sep\">|<\/span><span class=\"updated\" style=\"display:none;\">2026-03-22T11:33:45+02:00<\/span><span>Dezembro 3rd, 2025<\/span><span class=\"fusion-inline-sep\">|<\/span>Categories: <a href=\"https:\/\/eduder.org\/pt-pt\/category\/novidades\/\" rel=\"category tag\">Novidades<\/a><span class=\"fusion-inline-sep\">|<\/span><span class=\"fusion-comments\"><a href=\"https:\/\/eduder.org\/pt-pt\/nota-de-prensa-eduder-impulsa-alianzas-y-estrategias-para-la-inclusion-universitaria-en-iberoamerica\/#respond\">0 Comments<\/a><\/span><\/div><div class=\"fusion-alignright\"><a class=\"fusion-read-more\" href=\"https:\/\/eduder.org\/pt-pt\/nota-de-prensa-eduder-impulsa-alianzas-y-estrategias-para-la-inclusion-universitaria-en-iberoamerica\/\" aria-label=\"More on Nota de prensa: EDUDER impulsa alianzas y estrategias para la inclusi\u00f3n universitaria en Iberoam\u00e9rica\">Read More<\/a><\/div><\/div><\/article>\n<article id=\"blog-1-post-4261\" class=\"fusion-post-large post-4261 post type-post status-publish format-standard hentry category-sin-categorizar-pt-pt\">\n\t<style type=\"text\/css\">\n\t\t\n\t\t\n\t\t\n\t\t\n\t\t\t<\/style>\n\n\n<div class=\"fusion-post-content post-content\"><h2 class=\"blog-shortcode-post-title entry-title\"><a href=\"https:\/\/eduder.org\/pt-pt\/clausura-del-iv-congreso-iberoamericano\/\">Cerim\u00f4nia de encerramento do IV Congresso Iberoamericano<\/a><\/h2><\/div><div class=\"fusion-clearfix\"><\/div><div class=\"fusion-meta-info\"><div class=\"fusion-alignleft\">By <span class=\"vcard\"><span class=\"fn\"><a href=\"https:\/\/eduder.org\/pt-pt\/author\/eduder\/\" title=\"Artigos de eduder\" rel=\"author\">eduder<\/a><\/span><\/span><span class=\"fusion-inline-sep\">|<\/span><span class=\"updated\" style=\"display:none;\">2026-03-23T09:14:43+02:00<\/span><span>Novembro 28th, 2025<\/span><span class=\"fusion-inline-sep\">|<\/span>Categories: <a href=\"https:\/\/eduder.org\/pt-pt\/category\/sin-categorizar-pt-pt\/\" rel=\"category tag\">Sin categorizar<\/a><span class=\"fusion-inline-sep\">|<\/span><span class=\"fusion-comments\"><a href=\"https:\/\/eduder.org\/pt-pt\/clausura-del-iv-congreso-iberoamericano\/#respond\">0 Comments<\/a><\/span><\/div><div class=\"fusion-alignright\"><a class=\"fusion-read-more\" href=\"https:\/\/eduder.org\/pt-pt\/clausura-del-iv-congreso-iberoamericano\/\" aria-label=\"More on Cerim\u00f4nia de encerramento do IV Congresso Iberoamericano\">Read More<\/a><\/div><\/div><\/article>\n<article id=\"blog-1-post-4128\" class=\"fusion-post-large post-4128 post type-post status-publish format-standard hentry category-actividades\">\n\t<style type=\"text\/css\">\n\t\t\n\t\t\n\t\t\n\t\t\n\t\t\t<\/style>\n\n\n<div class=\"fusion-post-content post-content\"><h2 class=\"blog-shortcode-post-title entry-title\"><a href=\"https:\/\/eduder.org\/pt-pt\/segunda-jornada-en-guatemala-sobre-educacion-ante-la-vulnerabilidad-social\/\">Segunda jornada en Guatemala sobre educaci\u00f3n ante la vulnerabilidad social<\/a><\/h2><\/div><div class=\"fusion-clearfix\"><\/div><div class=\"fusion-meta-info\"><div class=\"fusion-alignleft\">By <span class=\"vcard\"><span class=\"fn\"><a href=\"https:\/\/eduder.org\/pt-pt\/author\/eduder\/\" title=\"Artigos de eduder\" rel=\"author\">eduder<\/a><\/span><\/span><span class=\"fusion-inline-sep\">|<\/span><span class=\"updated\" style=\"display:none;\">2025-11-28T09:40:54+02:00<\/span><span>Novembro 27th, 2025<\/span><span class=\"fusion-inline-sep\">|<\/span>Categories: <a href=\"https:\/\/eduder.org\/category\/actividades\/\" rel=\"category tag\">Actividades<\/a><span class=\"fusion-inline-sep\">|<\/span><span class=\"fusion-comments\"><a href=\"https:\/\/eduder.org\/pt-pt\/segunda-jornada-en-guatemala-sobre-educacion-ante-la-vulnerabilidad-social\/#respond\">0 Comments<\/a><\/span><\/div><div class=\"fusion-alignright\"><a class=\"fusion-read-more\" href=\"https:\/\/eduder.org\/pt-pt\/segunda-jornada-en-guatemala-sobre-educacion-ante-la-vulnerabilidad-social\/\" aria-label=\"More on Segunda jornada en Guatemala sobre educaci\u00f3n ante la vulnerabilidad social\">Read More<\/a><\/div><\/div><\/article>\n<article id=\"blog-1-post-4124\" class=\"fusion-post-large post-4124 post type-post status-publish format-standard hentry category-actividades-pt-pt\">\n\t<style type=\"text\/css\">\n\t\t\n\t\t\n\t\t\n\t\t\n\t\t\t<\/style>\n\n\n<div class=\"fusion-post-content post-content\"><h2 class=\"blog-shortcode-post-title entry-title\"><a href=\"https:\/\/eduder.org\/pt-pt\/comenzo-el-iv-congreso-iberoamericano\/\">Eduder inaugura o II Encontro Global na Guatemala<\/a><\/h2><\/div><div class=\"fusion-clearfix\"><\/div><div class=\"fusion-meta-info\"><div class=\"fusion-alignleft\">By <span class=\"vcard\"><span class=\"fn\"><a href=\"https:\/\/eduder.org\/pt-pt\/author\/eduder\/\" title=\"Artigos de eduder\" rel=\"author\">eduder<\/a><\/span><\/span><span class=\"fusion-inline-sep\">|<\/span><span class=\"updated\" style=\"display:none;\">2026-03-20T18:00:39+02:00<\/span><span>Novembro 25th, 2025<\/span><span class=\"fusion-inline-sep\">|<\/span>Categories: <a href=\"https:\/\/eduder.org\/pt-pt\/category\/actividades-pt-pt\/\" rel=\"category tag\">Actividades<\/a><span class=\"fusion-inline-sep\">|<\/span><span class=\"fusion-comments\"><a href=\"https:\/\/eduder.org\/pt-pt\/comenzo-el-iv-congreso-iberoamericano\/#respond\">0 Comments<\/a><\/span><\/div><div class=\"fusion-alignright\"><a class=\"fusion-read-more\" href=\"https:\/\/eduder.org\/pt-pt\/comenzo-el-iv-congreso-iberoamericano\/\" aria-label=\"More on Eduder inaugura o II Encontro Global na Guatemala\">Read More<\/a><\/div><\/div><\/article>\n<article id=\"blog-1-post-4272\" class=\"fusion-post-large post-4272 post type-post status-publish format-standard hentry category-sin-categorizar\">\n\t<style type=\"text\/css\">\n\t\t\n\t\t\n\t\t\n\t\t\n\t\t\t<\/style>\n\n\n<div class=\"fusion-post-content post-content\"><h2 class=\"blog-shortcode-post-title entry-title\"><a href=\"https:\/\/eduder.org\/pt-pt\/el-desafio-de-comunicar-la-investigacion-para-la-educacion-inclusiva\/\">El desaf\u00edo de comunicar la investigaci\u00f3n para la educaci\u00f3n inclusiva<\/a><\/h2><\/div><div class=\"fusion-clearfix\"><\/div><div class=\"fusion-meta-info\"><div class=\"fusion-alignleft\">By <span class=\"vcard\"><span class=\"fn\"><a href=\"https:\/\/eduder.org\/pt-pt\/author\/eduder\/\" title=\"Artigos de eduder\" rel=\"author\">eduder<\/a><\/span><\/span><span class=\"fusion-inline-sep\">|<\/span><span class=\"updated\" style=\"display:none;\">2026-03-24T12:06:03+02:00<\/span><span>Novembro 23rd, 2025<\/span><span class=\"fusion-inline-sep\">|<\/span>Categories: <a href=\"https:\/\/eduder.org\/en\/category\/sin-categorizar\/\" rel=\"category tag\">Sin categorizar<\/a><span class=\"fusion-inline-sep\">|<\/span><span class=\"fusion-comments\"><a href=\"https:\/\/eduder.org\/pt-pt\/el-desafio-de-comunicar-la-investigacion-para-la-educacion-inclusiva\/#respond\">0 Comments<\/a><\/span><\/div><div class=\"fusion-alignright\"><a class=\"fusion-read-more\" href=\"https:\/\/eduder.org\/pt-pt\/el-desafio-de-comunicar-la-investigacion-para-la-educacion-inclusiva\/\" aria-label=\"More on El desaf\u00edo de comunicar la investigaci\u00f3n para la educaci\u00f3n inclusiva\">Read More<\/a><\/div><\/div><\/article>\n<\/div><div class=\"pagination clearfix\"><span class=\"current\">1<\/span><a href=\"https:\/\/eduder.org\/pt-pt\/wp-json\/wp\/v2\/pages\/3215\/page\/2\/\" class=\"inactive\">2<\/a><a class=\"pagination-next\" rel=\"next\" href=\"https:\/\/eduder.org\/pt-pt\/wp-json\/wp\/v2\/pages\/3215\/page\/2\/\"><span class=\"page-text\">Next<\/span><span class=\"page-next\"><\/span><\/a><\/div><div class=\"fusion-clearfix\"><\/div><\/div><\/div><\/div><\/div><\/div><\/p>\n","protected":false},"excerpt":{"rendered":"","protected":false},"author":2,"featured_media":0,"parent":0,"menu_order":0,"comment_status":"closed","ping_status":"closed","template":"100-width.php","meta":{"footnotes":""},"class_list":["post-3215","page","type-page","status-publish","hentry"],"_links":{"self":[{"href":"https:\/\/eduder.org\/pt-pt\/wp-json\/wp\/v2\/pages\/3215","targetHints":{"allow":["GET"]}}],"collection":[{"href":"https:\/\/eduder.org\/pt-pt\/wp-json\/wp\/v2\/pages"}],"about":[{"href":"https:\/\/eduder.org\/pt-pt\/wp-json\/wp\/v2\/types\/page"}],"author":[{"embeddable":true,"href":"https:\/\/eduder.org\/pt-pt\/wp-json\/wp\/v2\/users\/2"}],"replies":[{"embeddable":true,"href":"https:\/\/eduder.org\/pt-pt\/wp-json\/wp\/v2\/comments?post=3215"}],"version-history":[{"count":5,"href":"https:\/\/eduder.org\/pt-pt\/wp-json\/wp\/v2\/pages\/3215\/revisions"}],"predecessor-version":[{"id":3829,"href":"https:\/\/eduder.org\/pt-pt\/wp-json\/wp\/v2\/pages\/3215\/revisions\/3829"}],"wp:attachment":[{"href":"https:\/\/eduder.org\/pt-pt\/wp-json\/wp\/v2\/media?parent=3215"}],"curies":[{"name":"wp","href":"https:\/\/api.w.org\/{rel}","templated":true}]}}