{"id":3175,"date":"2020-06-08T20:12:58","date_gmt":"2020-06-08T18:12:58","guid":{"rendered":"https:\/\/eduder.org\/?page_id=3175"},"modified":"2024-11-19T11:52:07","modified_gmt":"2024-11-19T09:52:07","slug":"inicio-2","status":"publish","type":"page","link":"https:\/\/eduder.org\/en\/","title":{"rendered":"Home"},"content":{"rendered":"<p><div class=\"fusion-fullwidth fullwidth-box fusion-builder-row-1 fusion-flex-container has-pattern-background has-mask-background nonhundred-percent-fullwidth non-hundred-percent-height-scrolling\" style=\"--awb-border-radius-top-left:0px;--awb-border-radius-top-right:0px;--awb-border-radius-bottom-right:0px;--awb-border-radius-bottom-left:0px;--awb-padding-top:8px;--awb-padding-bottom:46px;--awb-padding-bottom-medium:30px;--awb-margin-top:0px;--awb-margin-bottom:35px;--awb-flex-wrap:wrap;\" ><div class=\"fusion-builder-row fusion-row fusion-flex-align-items-center fusion-flex-content-wrap\" style=\"max-width:1372.8px;margin-left: calc(-4% \/ 2 );margin-right: calc(-4% \/ 2 );\"><div class=\"fusion-layout-column fusion_builder_column fusion-builder-column-0 fusion_builder_column_2_3 2_3 fusion-flex-column fusion-animated\" style=\"--awb-padding-top:58px;--awb-padding-bottom:56px;--awb-bg-size:cover;--awb-width-large:66.666666666667%;--awb-margin-top-large:0px;--awb-spacing-right-large:0%;--awb-margin-bottom-large:0px;--awb-spacing-left-large:2.88%;--awb-width-medium:66.666666666667%;--awb-spacing-right-medium:0%;--awb-spacing-left-medium:2.88%;--awb-width-small:100%;--awb-spacing-right-small:1.92%;--awb-margin-bottom-small:0px;--awb-spacing-left-small:1.92%;\" data-animationType=\"fadeInLeft\" data-animationDuration=\"1.6\" data-animationOffset=\"top-into-view\"><div class=\"fusion-column-wrapper fusion-column-has-shadow fusion-flex-justify-content-flex-start fusion-content-layout-column\"><div class=\"fusion-title title fusion-title-1 fusion-sep-none fusion-title-text fusion-title-size-two\" style=\"--awb-text-color:var(--awb-color4);--awb-margin-top-small:12px;--awb-margin-right-small:0px;--awb-margin-bottom-small:0px;--awb-margin-left-small:0px;\"><h2 class=\"fusion-title-heading title-heading-left fusion-responsive-typography-calculated\" style=\"margin:0;--fontSize:54;line-height:1.14;\">Information about the latest updates from the Eduder project<\/h2><\/div><\/div><\/div><div class=\"fusion-layout-column fusion_builder_column fusion-builder-column-1 fusion_builder_column_1_3 1_3 fusion-flex-column fusion-flex-align-self-stretch\" style=\"--awb-bg-blend:soft-light;--awb-bg-size:cover;--awb-width-large:33.333333333333%;--awb-margin-top-large:0px;--awb-spacing-right-large:5.76%;--awb-margin-bottom-large:0px;--awb-spacing-left-large:12.672%;--awb-width-medium:33.333333333333%;--awb-order-medium:0;--awb-spacing-right-medium:5.76%;--awb-spacing-left-medium:12.672%;--awb-width-small:100%;--awb-order-small:0;--awb-margin-top-small:10px;--awb-spacing-right-small:1.92%;--awb-spacing-left-small:1.92%;\" data-scroll-devices=\"small-visibility,medium-visibility,large-visibility\"><div class=\"fusion-column-wrapper lazyload fusion-column-has-shadow fusion-flex-justify-content-flex-end fusion-content-layout-column fusion-empty-column-bg-image fusion-column-has-bg-image\" data-bg-url=\"https:\/\/eduder.org\/wp-content\/uploads\/2024\/10\/logo_eduder_24_transp.png\" data-bg=\"https:\/\/eduder.org\/wp-content\/uploads\/2024\/10\/logo_eduder_24_transp.png\"><img decoding=\"async\" class=\"fusion-empty-dims-img-placeholder\" aria-label=\"Logo Eduder Transp\" src=\"data:image\/svg+xml,%3Csvg%20xmlns%3D%27http%3A%2F%2Fwww.w3.org%2F2000%2Fsvg%27%20width%3D%272916%27%20height%3D%272999%27%20viewBox%3D%270%200%202916%202999%27%3E%3Crect%20width%3D%272916%27%20height%3D%272999%27%20fill-opacity%3D%220%22%2F%3E%3C%2Fsvg%3E\"><\/div><\/div><\/div><\/div><div class=\"fusion-fullwidth fullwidth-box fusion-builder-row-2 fusion-flex-container has-pattern-background has-mask-background nonhundred-percent-fullwidth non-hundred-percent-height-scrolling\" style=\"--awb-border-radius-top-left:0px;--awb-border-radius-top-right:0px;--awb-border-radius-bottom-right:0px;--awb-border-radius-bottom-left:0px;--awb-flex-wrap:wrap;\" ><div class=\"fusion-builder-row fusion-row fusion-flex-align-items-flex-start fusion-flex-content-wrap\" style=\"max-width:1372.8px;margin-left: calc(-4% \/ 2 );margin-right: calc(-4% \/ 2 );\"><div class=\"fusion-layout-column fusion_builder_column fusion-builder-column-2 fusion_builder_column_1_1 1_1 fusion-flex-column\" style=\"--awb-bg-size:cover;--awb-width-large:100%;--awb-order-large:0;--awb-margin-top-large:20px;--awb-spacing-right-large:1.92%;--awb-margin-bottom-large:20px;--awb-spacing-left-large:1.92%;--awb-width-medium:100%;--awb-order-medium:0;--awb-spacing-right-medium:1.92%;--awb-spacing-left-medium:1.92%;--awb-width-small:100%;--awb-order-small:0;--awb-spacing-right-small:1.92%;--awb-spacing-left-small:1.92%;\"><div class=\"fusion-column-wrapper fusion-column-has-shadow fusion-flex-justify-content-flex-start fusion-content-layout-column\"><i class=\"fb-icon-element-1 fb-icon-element fontawesome-icon fa-angle-double-down fas circle-yes fusion-animated\" style=\"--awb-circlebordercolor-hover:hsla(var(--awb-color5-h),var(--awb-color5-s),var(--awb-color5-l),calc(var(--awb-color5-a) - 90%));--awb-circlebordersize:0px;--awb-font-size:25.52px;--awb-width:51.04px;--awb-height:51.04px;--awb-line-height:51.04px;--awb-margin-top:0;--awb-margin-right:0;--awb-margin-bottom:0;--awb-margin-left:0;--awb-align-self:center;\" data-animationType=\"slideInUp\" data-animationDuration=\"2.7\" data-animationOffset=\"bottom-in-view\"><\/i><\/div><\/div><\/div><\/div><div class=\"fusion-fullwidth fullwidth-box fusion-builder-row-3 fusion-flex-container has-pattern-background has-mask-background nonhundred-percent-fullwidth non-hundred-percent-height-scrolling\" style=\"--awb-border-radius-top-left:0px;--awb-border-radius-top-right:0px;--awb-border-radius-bottom-right:0px;--awb-border-radius-bottom-left:0px;--awb-flex-wrap:wrap;\" ><div class=\"fusion-builder-row fusion-row fusion-flex-align-items-flex-start fusion-flex-content-wrap\" style=\"max-width:1372.8px;margin-left: calc(-4% \/ 2 );margin-right: calc(-4% \/ 2 );\"><div class=\"fusion-layout-column fusion_builder_column fusion-builder-column-3 fusion_builder_column_1_2 1_2 fusion-flex-column\" style=\"--awb-bg-size:cover;--awb-width-large:50%;--awb-order-large:0;--awb-margin-top-large:20px;--awb-spacing-right-large:3.84%;--awb-margin-bottom-large:20px;--awb-spacing-left-large:3.84%;--awb-width-medium:50%;--awb-order-medium:0;--awb-spacing-right-medium:3.84%;--awb-spacing-left-medium:3.84%;--awb-width-small:100%;--awb-order-small:0;--awb-spacing-right-small:1.92%;--awb-spacing-left-small:1.92%;\"><div class=\"fusion-column-wrapper fusion-column-has-shadow fusion-flex-justify-content-flex-start fusion-content-layout-column\"><div class=\"fusion-text fusion-text-1\"><p style=\"text-align: justify; color: var(--awb-color7);\">EDUDER focuses on promoting the right to university education for vulnerable groups, ensuring their access and development within the university environment through an inclusive intervention model.<\/p>\n<\/div><\/div><\/div><div class=\"fusion-layout-column fusion_builder_column fusion-builder-column-4 fusion_builder_column_1_2 1_2 fusion-flex-column\" style=\"--awb-bg-size:cover;--awb-width-large:50%;--awb-order-large:0;--awb-margin-top-large:20px;--awb-spacing-right-large:3.84%;--awb-margin-bottom-large:20px;--awb-spacing-left-large:3.84%;--awb-width-medium:50%;--awb-order-medium:0;--awb-spacing-right-medium:3.84%;--awb-spacing-left-medium:3.84%;--awb-width-small:100%;--awb-order-small:0;--awb-spacing-right-small:1.92%;--awb-spacing-left-small:1.92%;\"><div class=\"fusion-column-wrapper fusion-column-has-shadow fusion-flex-justify-content-flex-start fusion-content-layout-column\"><div class=\"fusion-text fusion-text-2\"><p style=\"text-align: justify; color: var(--awb-color7);\">Collaborating with 19 universities across 9 countries, EDUDER establishes structures that provide opportunities for educational inclusion and employability.<\/p>\n<\/div><\/div><\/div><\/div><\/div><div class=\"fusion-fullwidth fullwidth-box fusion-builder-row-4 fusion-flex-container has-pattern-background has-mask-background hundred-percent-fullwidth non-hundred-percent-height-scrolling\" style=\"--awb-background-position:left top;--awb-background-blend-mode:lighten;--awb-border-radius-top-left:0px;--awb-border-radius-top-right:0px;--awb-border-radius-bottom-right:0px;--awb-border-radius-bottom-left:0px;--awb-padding-bottom:0px;--awb-padding-bottom-medium:30px;--awb-background-color:var(--awb-color3);--awb-flex-wrap:wrap;\" ><div class=\"fusion-builder-row fusion-row fusion-flex-align-items-center fusion-flex-content-wrap\" style=\"width:104% !important;max-width:104% !important;margin-left: calc(-4% \/ 2 );margin-right: calc(-4% \/ 2 );\"><div class=\"fusion-layout-column fusion_builder_column fusion-builder-column-5 fusion_builder_column_1_1 1_1 fusion-flex-column fusion-flex-align-self-flex-start fusion-animated\" style=\"--awb-padding-top:6%;--awb-bg-size:cover;--awb-width-large:100%;--awb-margin-top-large:20px;--awb-spacing-right-large:1.92%;--awb-margin-bottom-large:20px;--awb-spacing-left-large:1.92%;--awb-width-medium:100%;--awb-order-medium:0;--awb-margin-top-medium:20px;--awb-spacing-right-medium:1.92%;--awb-spacing-left-medium:1.92%;--awb-width-small:100%;--awb-order-small:0;--awb-spacing-right-small:1.92%;--awb-spacing-left-small:1.92%;\" data-animationType=\"fadeInDown\" data-animationDuration=\"1.6\" data-animationOffset=\"top-into-view\" data-scroll-devices=\"small-visibility,medium-visibility,large-visibility\"><div class=\"fusion-column-wrapper fusion-column-has-shadow fusion-flex-justify-content-flex-start fusion-content-layout-column\"><div class=\"fusion-recent-posts fusion-recent-posts-1 avada-container layout-default layout-columns-3\"><section class=\"fusion-columns columns fusion-columns-3 columns-3\"><article class=\"post fusion-column column col col-lg-4 col-md-4 col-sm-4\"><div class=\"recent-posts-content\"><span class=\"vcard\" style=\"display: none;\"><span class=\"fn\"><a href=\"https:\/\/eduder.org\/en\/author\/eduder\/\" title=\"Posts by eduder\" rel=\"author\">eduder<\/a><\/span><\/span><span class=\"updated\" style=\"display:none;\">2026-03-20T17:54:25+02:00<\/span><h4 class=\"entry-title\"><a href=\"https:\/\/eduder.org\/en\/talleres-de-competencias-socioemocionales-en-la-upn\/\">Socioemotional Competencies Workshops at UPN<\/a><\/h4><p class=\"meta\"><span class=\"vcard\" style=\"display: none;\"><span class=\"fn\"><a href=\"https:\/\/eduder.org\/en\/author\/eduder\/\" title=\"Posts by eduder\" rel=\"author\">eduder<\/a><\/span><\/span><span class=\"updated\" style=\"display:none;\">2026-03-20T17:54:25+02:00<\/span><span>March 7th, 2026<\/span><span class=\"fusion-inline-sep\">|<\/span><span class=\"fusion-comments\"><a href=\"https:\/\/eduder.org\/en\/talleres-de-competencias-socioemocionales-en-la-upn\/#respond\">0 Comments<\/a><\/span><\/p><p>By Vivian Johana Mu\u00f1oz Rodr\u00edguez, Mary Luz Parra G\u00f3mez, Katheryne Aldana Villalobos (UPN) As part of the EDUDER Project's actions, and to strengthen research capacities with an inclusive approach, the Course \u201cSocioemotional Competencies in Research\u201d...<\/p><\/div><\/article><article class=\"post fusion-column column col col-lg-4 col-md-4 col-sm-4\"><div class=\"fusion-flexslider fusion-flexslider-loading flexslider flexslider-hover-type-none\"><ul class=\"slides\"><li><a href=\"https:\/\/eduder.org\/en\/press-release-eduder-promotes-alliances-and-strategies-for-university-inclusion-in-latin-america\/\" aria-label=\"Press release: EDUDER promotes alliances and strategies for university inclusion in Latin America\" class=\"hover-type-none\"><img decoding=\"async\" width=\"700\" height=\"441\" src=\"https:\/\/eduder.org\/wp-content\/uploads\/2025\/11\/9-700x441.jpg\" class=\"attachment-recent-posts size-recent-posts lazyload\" alt=\"\" srcset=\"data:image\/svg+xml,%3Csvg%20xmlns%3D%27http%3A%2F%2Fwww.w3.org%2F2000%2Fsvg%27%20width%3D%271600%27%20height%3D%27737%27%20viewBox%3D%270%200%201600%20737%27%3E%3Crect%20width%3D%271600%27%20height%3D%27737%27%20fill-opacity%3D%220%22%2F%3E%3C%2Fsvg%3E\" data-orig-src=\"https:\/\/eduder.org\/wp-content\/uploads\/2025\/11\/9-700x441.jpg\" data-srcset=\"https:\/\/eduder.org\/wp-content\/uploads\/2025\/11\/9-320x202.jpg 320w, https:\/\/eduder.org\/wp-content\/uploads\/2025\/11\/9-700x441.jpg 700w\" data-sizes=\"auto\" \/><\/a><\/li><\/ul><\/div><div class=\"recent-posts-content\"><span class=\"vcard\" style=\"display: none;\"><span class=\"fn\"><a href=\"https:\/\/eduder.org\/en\/author\/eduder\/\" title=\"Posts by eduder\" rel=\"author\">eduder<\/a><\/span><\/span><span class=\"updated\" style=\"display:none;\">2025-12-03T12:52:13+02:00<\/span><h4 class=\"entry-title\"><a href=\"https:\/\/eduder.org\/en\/press-release-eduder-promotes-alliances-and-strategies-for-university-inclusion-in-latin-america\/\">Press release: EDUDER promotes alliances and strategies for university inclusion in Latin America<\/a><\/h4><p class=\"meta\"><span class=\"vcard\" style=\"display: none;\"><span class=\"fn\"><a href=\"https:\/\/eduder.org\/en\/author\/eduder\/\" title=\"Posts by eduder\" rel=\"author\">eduder<\/a><\/span><\/span><span class=\"updated\" style=\"display:none;\">2025-12-03T12:52:13+02:00<\/span><span>December 3rd, 2025<\/span><span class=\"fusion-inline-sep\">|<\/span><span class=\"fusion-comments\"><a href=\"https:\/\/eduder.org\/en\/press-release-eduder-promotes-alliances-and-strategies-for-university-inclusion-in-latin-america\/#respond\">0 Comments<\/a><\/span><\/p><p>EDUDER promotes alliances and strategies for university inclusion in Latin America at two major events held in Antigua Guatemala Antigua Guatemala, Guatemala, 27, November Between November 24 and 27, the city of Antigua Guatemala (Guatemala)...<\/p><\/div><\/article><article class=\"post fusion-column column col col-lg-4 col-md-4 col-sm-4\"><div class=\"recent-posts-content\"><span class=\"vcard\" style=\"display: none;\"><span class=\"fn\"><a href=\"https:\/\/eduder.org\/en\/author\/eduder\/\" title=\"Posts by eduder\" rel=\"author\">eduder<\/a><\/span><\/span><span class=\"updated\" style=\"display:none;\">2026-03-23T09:12:25+02:00<\/span><h4 class=\"entry-title\"><a href=\"https:\/\/eduder.org\/en\/clausura-del-iv-congreso-iberoamericano\/\">Closing Ceremony of the IV Iberoamerican Congress<\/a><\/h4><p class=\"meta\"><span class=\"vcard\" style=\"display: none;\"><span class=\"fn\"><a href=\"https:\/\/eduder.org\/en\/author\/eduder\/\" title=\"Posts by eduder\" rel=\"author\">eduder<\/a><\/span><\/span><span class=\"updated\" style=\"display:none;\">2026-03-23T09:12:25+02:00<\/span><span>November 28th, 2025<\/span><span class=\"fusion-inline-sep\">|<\/span><span class=\"fusion-comments\"><a href=\"https:\/\/eduder.org\/en\/clausura-del-iv-congreso-iberoamericano\/#respond\">0 Comments<\/a><\/span><\/p><p>After two days of exchanges between specialists in education and vulnerability from Latin America and leading figures from institutions committed to advancing knowledge and improving education, the IV Ibero-American Congress held its closing ceremony. The...<\/p><\/div><\/article><\/section><\/div><\/div><\/div><\/div><\/div><\/p>\n","protected":false},"excerpt":{"rendered":"","protected":false},"author":2,"featured_media":0,"parent":0,"menu_order":0,"comment_status":"closed","ping_status":"closed","template":"100-width.php","meta":{"footnotes":""},"class_list":["post-3175","page","type-page","status-publish","hentry"],"_links":{"self":[{"href":"https:\/\/eduder.org\/en\/wp-json\/wp\/v2\/pages\/3175","targetHints":{"allow":["GET"]}}],"collection":[{"href":"https:\/\/eduder.org\/en\/wp-json\/wp\/v2\/pages"}],"about":[{"href":"https:\/\/eduder.org\/en\/wp-json\/wp\/v2\/types\/page"}],"author":[{"embeddable":true,"href":"https:\/\/eduder.org\/en\/wp-json\/wp\/v2\/users\/2"}],"replies":[{"embeddable":true,"href":"https:\/\/eduder.org\/en\/wp-json\/wp\/v2\/comments?post=3175"}],"version-history":[{"count":14,"href":"https:\/\/eduder.org\/en\/wp-json\/wp\/v2\/pages\/3175\/revisions"}],"predecessor-version":[{"id":3823,"href":"https:\/\/eduder.org\/en\/wp-json\/wp\/v2\/pages\/3175\/revisions\/3823"}],"wp:attachment":[{"href":"https:\/\/eduder.org\/en\/wp-json\/wp\/v2\/media?parent=3175"}],"curies":[{"name":"wp","href":"https:\/\/api.w.org\/{rel}","templated":true}]}}